{"id":221,"date":"2025-01-06T19:55:12","date_gmt":"2025-01-06T22:55:12","guid":{"rendered":"https:\/\/criatorioplenus.eco.br\/loja\/?post_type=product&#038;p=221"},"modified":"2025-01-06T19:59:28","modified_gmt":"2025-01-06T22:59:28","slug":"periquito-da-caatinga","status":"publish","type":"product","link":"https:\/\/criatorioplenus.eco.br\/loja\/product\/periquito-da-caatinga\/","title":{"rendered":"Periquito-da-caatinga"},"content":{"rendered":"<p>Eupsittula cactorum<\/p>\n<p><img data-recalc-dims=\"1\" loading=\"lazy\" decoding=\"async\" class=\"alignnone size-medium wp-image-222\" src=\"https:\/\/i0.wp.com\/criatorioplenus.eco.br\/loja\/wp-content\/uploads\/2025\/01\/e7eacaa5-de8e-4f30-9878-410f15d29d06.jpeg?resize=300%2C300&#038;ssl=1\" alt=\"\" width=\"300\" height=\"300\" srcset=\"https:\/\/i0.wp.com\/criatorioplenus.eco.br\/loja\/wp-content\/uploads\/2025\/01\/e7eacaa5-de8e-4f30-9878-410f15d29d06.jpeg?resize=300%2C300&amp;ssl=1 300w, https:\/\/i0.wp.com\/criatorioplenus.eco.br\/loja\/wp-content\/uploads\/2025\/01\/e7eacaa5-de8e-4f30-9878-410f15d29d06.jpeg?resize=1024%2C1024&amp;ssl=1 1024w, https:\/\/i0.wp.com\/criatorioplenus.eco.br\/loja\/wp-content\/uploads\/2025\/01\/e7eacaa5-de8e-4f30-9878-410f15d29d06.jpeg?resize=150%2C150&amp;ssl=1 150w, https:\/\/i0.wp.com\/criatorioplenus.eco.br\/loja\/wp-content\/uploads\/2025\/01\/e7eacaa5-de8e-4f30-9878-410f15d29d06.jpeg?resize=768%2C768&amp;ssl=1 768w, https:\/\/i0.wp.com\/criatorioplenus.eco.br\/loja\/wp-content\/uploads\/2025\/01\/e7eacaa5-de8e-4f30-9878-410f15d29d06.jpeg?resize=324%2C324&amp;ssl=1 324w, https:\/\/i0.wp.com\/criatorioplenus.eco.br\/loja\/wp-content\/uploads\/2025\/01\/e7eacaa5-de8e-4f30-9878-410f15d29d06.jpeg?resize=416%2C416&amp;ssl=1 416w, https:\/\/i0.wp.com\/criatorioplenus.eco.br\/loja\/wp-content\/uploads\/2025\/01\/e7eacaa5-de8e-4f30-9878-410f15d29d06.jpeg?resize=100%2C100&amp;ssl=1 100w, https:\/\/i0.wp.com\/criatorioplenus.eco.br\/loja\/wp-content\/uploads\/2025\/01\/e7eacaa5-de8e-4f30-9878-410f15d29d06.jpeg?w=1080&amp;ssl=1 1080w\" sizes=\"auto, (max-width: 300px) 100vw, 300px\" \/><\/p>\n<p>Anilha de a\u00e7o, nota fiscal, certificado de origem, licen\u00e7a de tr\u00e2nsito, guia de transporte animal, atestado veterin\u00e1rio e sexagem.<\/p>\n<p>Alimenta\u00e7\u00e3o Nutropica<\/p>\n","protected":false},"excerpt":{"rendered":"<p>Periquito-da-caatinga<\/p>\n","protected":false},"featured_media":222,"comment_status":"open","ping_status":"closed","template":"","meta":{"pagelayer_contact_templates":[],"_pagelayer_content":""},"product_brand":[],"product_cat":[15],"product_tag":[],"class_list":{"0":"post-221","1":"product","2":"type-product","3":"status-publish","4":"has-post-thumbnail","6":"product_cat-uncategorized","8":"first","9":"outofstock","10":"shipping-taxable","11":"purchasable","12":"product-type-simple"},"jetpack_sharing_enabled":true,"_links":{"self":[{"href":"https:\/\/criatorioplenus.eco.br\/loja\/wp-json\/wp\/v2\/product\/221","targetHints":{"allow":["GET"]}}],"collection":[{"href":"https:\/\/criatorioplenus.eco.br\/loja\/wp-json\/wp\/v2\/product"}],"about":[{"href":"https:\/\/criatorioplenus.eco.br\/loja\/wp-json\/wp\/v2\/types\/product"}],"replies":[{"embeddable":true,"href":"https:\/\/criatorioplenus.eco.br\/loja\/wp-json\/wp\/v2\/comments?post=221"}],"wp:featuredmedia":[{"embeddable":true,"href":"https:\/\/criatorioplenus.eco.br\/loja\/wp-json\/wp\/v2\/media\/222"}],"wp:attachment":[{"href":"https:\/\/criatorioplenus.eco.br\/loja\/wp-json\/wp\/v2\/media?parent=221"}],"wp:term":[{"taxonomy":"product_brand","embeddable":true,"href":"https:\/\/criatorioplenus.eco.br\/loja\/wp-json\/wp\/v2\/product_brand?post=221"},{"taxonomy":"product_cat","embeddable":true,"href":"https:\/\/criatorioplenus.eco.br\/loja\/wp-json\/wp\/v2\/product_cat?post=221"},{"taxonomy":"product_tag","embeddable":true,"href":"https:\/\/criatorioplenus.eco.br\/loja\/wp-json\/wp\/v2\/product_tag?post=221"}],"curies":[{"name":"wp","href":"https:\/\/api.w.org\/{rel}","templated":true}]}}