{"id":211,"date":"2024-04-03T11:12:05","date_gmt":"2024-04-03T14:12:05","guid":{"rendered":"https:\/\/criatorioplenus.eco.br\/loja\/?post_type=product&#038;p=211"},"modified":"2025-01-06T20:17:09","modified_gmt":"2025-01-06T23:17:09","slug":"rosela-eximius-femea-opalino-pastel-portadora-de-azul","status":"publish","type":"product","link":"https:\/\/criatorioplenus.eco.br\/loja\/product\/rosela-eximius-femea-opalino-pastel-portadora-de-azul\/","title":{"rendered":"Rosela Eximius Opalino Pastel Portadora de Azul"},"content":{"rendered":"<p>Platycercus ex\u00edmius<\/p>\n<p><img data-recalc-dims=\"1\" loading=\"lazy\" decoding=\"async\" class=\"alignnone size-medium wp-image-232\" src=\"https:\/\/i0.wp.com\/criatorioplenus.eco.br\/loja\/wp-content\/uploads\/2024\/04\/93eaa692-7723-4c90-bb07-aeac82b35c5b.jpeg?resize=300%2C300&#038;ssl=1\" alt=\"\" width=\"300\" height=\"300\" srcset=\"https:\/\/i0.wp.com\/criatorioplenus.eco.br\/loja\/wp-content\/uploads\/2024\/04\/93eaa692-7723-4c90-bb07-aeac82b35c5b.jpeg?resize=300%2C300&amp;ssl=1 300w, https:\/\/i0.wp.com\/criatorioplenus.eco.br\/loja\/wp-content\/uploads\/2024\/04\/93eaa692-7723-4c90-bb07-aeac82b35c5b.jpeg?resize=1024%2C1024&amp;ssl=1 1024w, https:\/\/i0.wp.com\/criatorioplenus.eco.br\/loja\/wp-content\/uploads\/2024\/04\/93eaa692-7723-4c90-bb07-aeac82b35c5b.jpeg?resize=150%2C150&amp;ssl=1 150w, https:\/\/i0.wp.com\/criatorioplenus.eco.br\/loja\/wp-content\/uploads\/2024\/04\/93eaa692-7723-4c90-bb07-aeac82b35c5b.jpeg?resize=768%2C768&amp;ssl=1 768w, https:\/\/i0.wp.com\/criatorioplenus.eco.br\/loja\/wp-content\/uploads\/2024\/04\/93eaa692-7723-4c90-bb07-aeac82b35c5b.jpeg?resize=324%2C324&amp;ssl=1 324w, https:\/\/i0.wp.com\/criatorioplenus.eco.br\/loja\/wp-content\/uploads\/2024\/04\/93eaa692-7723-4c90-bb07-aeac82b35c5b.jpeg?resize=416%2C416&amp;ssl=1 416w, https:\/\/i0.wp.com\/criatorioplenus.eco.br\/loja\/wp-content\/uploads\/2024\/04\/93eaa692-7723-4c90-bb07-aeac82b35c5b.jpeg?resize=100%2C100&amp;ssl=1 100w, https:\/\/i0.wp.com\/criatorioplenus.eco.br\/loja\/wp-content\/uploads\/2024\/04\/93eaa692-7723-4c90-bb07-aeac82b35c5b.jpeg?w=1080&amp;ssl=1 1080w\" sizes=\"auto, (max-width: 300px) 100vw, 300px\" \/><\/p>\n<p>Anilha de a\u00e7o, nota fiscal, certificado de origem, licen\u00e7a de tr\u00e2nsito, guia de transporte animal, atestado veterin\u00e1rio e sexagem.<\/p>\n<p>Alimenta\u00e7\u00e3o Nutropica<\/p>\n","protected":false},"excerpt":{"rendered":"<p>Rosela Eximius Opalino Pastel Portadora de Azul<\/p>\n","protected":false},"featured_media":232,"comment_status":"open","ping_status":"closed","template":"","meta":{"pagelayer_contact_templates":[],"_pagelayer_content":""},"product_brand":[],"product_cat":[24,35],"product_tag":[],"class_list":{"0":"post-211","1":"product","2":"type-product","3":"status-publish","4":"has-post-thumbnail","6":"product_cat-exotico","7":"product_cat-rosela-eximius","9":"first","10":"outofstock","11":"shipping-taxable","12":"purchasable","13":"product-type-simple"},"jetpack_sharing_enabled":true,"_links":{"self":[{"href":"https:\/\/criatorioplenus.eco.br\/loja\/wp-json\/wp\/v2\/product\/211","targetHints":{"allow":["GET"]}}],"collection":[{"href":"https:\/\/criatorioplenus.eco.br\/loja\/wp-json\/wp\/v2\/product"}],"about":[{"href":"https:\/\/criatorioplenus.eco.br\/loja\/wp-json\/wp\/v2\/types\/product"}],"replies":[{"embeddable":true,"href":"https:\/\/criatorioplenus.eco.br\/loja\/wp-json\/wp\/v2\/comments?post=211"}],"wp:featuredmedia":[{"embeddable":true,"href":"https:\/\/criatorioplenus.eco.br\/loja\/wp-json\/wp\/v2\/media\/232"}],"wp:attachment":[{"href":"https:\/\/criatorioplenus.eco.br\/loja\/wp-json\/wp\/v2\/media?parent=211"}],"wp:term":[{"taxonomy":"product_brand","embeddable":true,"href":"https:\/\/criatorioplenus.eco.br\/loja\/wp-json\/wp\/v2\/product_brand?post=211"},{"taxonomy":"product_cat","embeddable":true,"href":"https:\/\/criatorioplenus.eco.br\/loja\/wp-json\/wp\/v2\/product_cat?post=211"},{"taxonomy":"product_tag","embeddable":true,"href":"https:\/\/criatorioplenus.eco.br\/loja\/wp-json\/wp\/v2\/product_tag?post=211"}],"curies":[{"name":"wp","href":"https:\/\/api.w.org\/{rel}","templated":true}]}}