{"id":194,"date":"2023-10-26T17:31:49","date_gmt":"2023-10-26T20:31:49","guid":{"rendered":"https:\/\/criatorioplenus.eco.br\/loja\/?post_type=product&#038;p=194"},"modified":"2025-01-06T19:59:46","modified_gmt":"2025-01-06T22:59:46","slug":"periquito-rico-verde","status":"publish","type":"product","link":"https:\/\/criatorioplenus.eco.br\/loja\/product\/periquito-rico-verde\/","title":{"rendered":"Periquito Rico (verde)"},"content":{"rendered":"<p>Brotogeris tirica<\/p>\n<p><img data-recalc-dims=\"1\" loading=\"lazy\" decoding=\"async\" class=\"alignnone size-medium wp-image-220\" src=\"https:\/\/i0.wp.com\/criatorioplenus.eco.br\/loja\/wp-content\/uploads\/2023\/10\/11a706ca-4fd0-464e-9bd5-8a6a0e7905cc.jpeg?resize=300%2C300&#038;ssl=1\" alt=\"\" width=\"300\" height=\"300\" srcset=\"https:\/\/i0.wp.com\/criatorioplenus.eco.br\/loja\/wp-content\/uploads\/2023\/10\/11a706ca-4fd0-464e-9bd5-8a6a0e7905cc.jpeg?resize=300%2C300&amp;ssl=1 300w, https:\/\/i0.wp.com\/criatorioplenus.eco.br\/loja\/wp-content\/uploads\/2023\/10\/11a706ca-4fd0-464e-9bd5-8a6a0e7905cc.jpeg?resize=1024%2C1024&amp;ssl=1 1024w, https:\/\/i0.wp.com\/criatorioplenus.eco.br\/loja\/wp-content\/uploads\/2023\/10\/11a706ca-4fd0-464e-9bd5-8a6a0e7905cc.jpeg?resize=150%2C150&amp;ssl=1 150w, https:\/\/i0.wp.com\/criatorioplenus.eco.br\/loja\/wp-content\/uploads\/2023\/10\/11a706ca-4fd0-464e-9bd5-8a6a0e7905cc.jpeg?resize=768%2C768&amp;ssl=1 768w, https:\/\/i0.wp.com\/criatorioplenus.eco.br\/loja\/wp-content\/uploads\/2023\/10\/11a706ca-4fd0-464e-9bd5-8a6a0e7905cc.jpeg?resize=324%2C324&amp;ssl=1 324w, https:\/\/i0.wp.com\/criatorioplenus.eco.br\/loja\/wp-content\/uploads\/2023\/10\/11a706ca-4fd0-464e-9bd5-8a6a0e7905cc.jpeg?resize=416%2C416&amp;ssl=1 416w, https:\/\/i0.wp.com\/criatorioplenus.eco.br\/loja\/wp-content\/uploads\/2023\/10\/11a706ca-4fd0-464e-9bd5-8a6a0e7905cc.jpeg?resize=100%2C100&amp;ssl=1 100w, https:\/\/i0.wp.com\/criatorioplenus.eco.br\/loja\/wp-content\/uploads\/2023\/10\/11a706ca-4fd0-464e-9bd5-8a6a0e7905cc.jpeg?w=1080&amp;ssl=1 1080w\" sizes=\"auto, (max-width: 300px) 100vw, 300px\" \/><\/p>\n<p>Anilha de a\u00e7o, nota fiscal, certificado de origem, licen\u00e7a de tr\u00e2nsito, guia de transporte animal, atestado veterin\u00e1rio e sexagem.<\/p>\n<p>Alimenta\u00e7\u00e3o Nutropica<\/p>\n<p>&nbsp;<\/p>\n","protected":false},"excerpt":{"rendered":"<p>Periquito rico ou periquito verde<\/p>\n","protected":false},"featured_media":220,"comment_status":"open","ping_status":"closed","template":"","meta":{"pagelayer_contact_templates":[],"_pagelayer_content":""},"product_brand":[],"product_cat":[34,32],"product_tag":[],"class_list":{"0":"post-194","1":"product","2":"type-product","3":"status-publish","4":"has-post-thumbnail","6":"product_cat-periquito-rico","7":"product_cat-silvestres","9":"first","10":"outofstock","11":"shipping-taxable","12":"purchasable","13":"product-type-simple"},"jetpack_sharing_enabled":true,"_links":{"self":[{"href":"https:\/\/criatorioplenus.eco.br\/loja\/wp-json\/wp\/v2\/product\/194","targetHints":{"allow":["GET"]}}],"collection":[{"href":"https:\/\/criatorioplenus.eco.br\/loja\/wp-json\/wp\/v2\/product"}],"about":[{"href":"https:\/\/criatorioplenus.eco.br\/loja\/wp-json\/wp\/v2\/types\/product"}],"replies":[{"embeddable":true,"href":"https:\/\/criatorioplenus.eco.br\/loja\/wp-json\/wp\/v2\/comments?post=194"}],"wp:featuredmedia":[{"embeddable":true,"href":"https:\/\/criatorioplenus.eco.br\/loja\/wp-json\/wp\/v2\/media\/220"}],"wp:attachment":[{"href":"https:\/\/criatorioplenus.eco.br\/loja\/wp-json\/wp\/v2\/media?parent=194"}],"wp:term":[{"taxonomy":"product_brand","embeddable":true,"href":"https:\/\/criatorioplenus.eco.br\/loja\/wp-json\/wp\/v2\/product_brand?post=194"},{"taxonomy":"product_cat","embeddable":true,"href":"https:\/\/criatorioplenus.eco.br\/loja\/wp-json\/wp\/v2\/product_cat?post=194"},{"taxonomy":"product_tag","embeddable":true,"href":"https:\/\/criatorioplenus.eco.br\/loja\/wp-json\/wp\/v2\/product_tag?post=194"}],"curies":[{"name":"wp","href":"https:\/\/api.w.org\/{rel}","templated":true}]}}